{"id":98,"date":"2023-06-07T18:09:04","date_gmt":"2023-06-07T21:09:04","guid":{"rendered":"https:\/\/tdpadvogados.com\/?page_id=98"},"modified":"2023-06-12T16:43:52","modified_gmt":"2023-06-12T19:43:52","slug":"home","status":"publish","type":"page","link":"https:\/\/tdpadvogados.com\/","title":{"rendered":"Home"},"content":{"rendered":"\n<div class=\"wp-block-cover alignfull is-light hestia-clear-top-padding\"><span aria-hidden=\"true\" class=\"wp-block-cover__background has-white-background-color has-background-dim-100 has-background-dim\"><\/span><div class=\"wp-block-cover__inner-container\">\n<h2 class=\"wp-block-heading has-text-align-center has-text-color\" style=\"color:#3c4858\">Solu\u00e7\u00f5es jur\u00eddicas para empresas e pessoas em um \u00fanico lugar!<\/h2>\n\n\n\n<div class=\"wp-block-columns container is-layout-flex wp-container-7\">\n<div class=\"wp-block-column is-layout-flow\"><div class=\"wp-block-image\">\n<figure class=\"aligncenter size-full\"><img decoding=\"async\" loading=\"lazy\" width=\"810\" height=\"540\" src=\"https:\/\/tdpadvogados.com\/wp-content\/uploads\/2023\/06\/recuperacao-fiscal.jpg\" alt=\"\" class=\"wp-image-135\" srcset=\"https:\/\/tdpadvogados.com\/wp-content\/uploads\/2023\/06\/recuperacao-fiscal.jpg 810w, https:\/\/tdpadvogados.com\/wp-content\/uploads\/2023\/06\/recuperacao-fiscal-300x200.jpg 300w, https:\/\/tdpadvogados.com\/wp-content\/uploads\/2023\/06\/recuperacao-fiscal-768x512.jpg 768w, https:\/\/tdpadvogados.com\/wp-content\/uploads\/2023\/06\/recuperacao-fiscal-360x240.jpg 360w\" sizes=\"(max-width: 810px) 100vw, 810px\" \/><\/figure><\/div>\n\n\n<h5 class=\"wp-block-heading has-text-align-center has-text-color\" style=\"color:#3c4858;font-size:18px\">Corporativo Empresarial<\/h5>\n\n\n\n<p class=\"has-text-align-left has-text-color\" style=\"color:#999999;font-size:14px\">Suporte jur\u00eddico para empresas nas \u00e1reas fiscal, suprimentos (compras e licita\u00e7\u00e3o) contratos e societ\u00e1rio. Atua\u00e7\u00e3o em aliena\u00e7\u00f5es, aquisi\u00e7\u00f5es, fus\u00f5es e incorpora\u00e7\u00f5es de empresas de capital fechado.<\/p>\n\n\n\n<div style=\"height:25px\" aria-hidden=\"true\" class=\"wp-block-spacer\"><\/div>\n<\/div>\n\n\n\n<div class=\"wp-block-column is-layout-flow\"><div class=\"wp-block-image\">\n<figure class=\"aligncenter size-large\"><img decoding=\"async\" loading=\"lazy\" width=\"1024\" height=\"683\" src=\"https:\/\/tdpadvogados.com\/wp-content\/uploads\/2023\/06\/familia-feliz-jantando-juntos-1024x683.jpg\" alt=\"\" class=\"wp-image-136\" srcset=\"https:\/\/tdpadvogados.com\/wp-content\/uploads\/2023\/06\/familia-feliz-jantando-juntos-1024x683.jpg 1024w, https:\/\/tdpadvogados.com\/wp-content\/uploads\/2023\/06\/familia-feliz-jantando-juntos-300x200.jpg 300w, https:\/\/tdpadvogados.com\/wp-content\/uploads\/2023\/06\/familia-feliz-jantando-juntos-768x512.jpg 768w, https:\/\/tdpadvogados.com\/wp-content\/uploads\/2023\/06\/familia-feliz-jantando-juntos-1536x1025.jpg 1536w, https:\/\/tdpadvogados.com\/wp-content\/uploads\/2023\/06\/familia-feliz-jantando-juntos-2048x1366.jpg 2048w, https:\/\/tdpadvogados.com\/wp-content\/uploads\/2023\/06\/familia-feliz-jantando-juntos-360x240.jpg 360w\" sizes=\"(max-width: 1024px) 100vw, 1024px\" \/><\/figure><\/div>\n\n\n<h5 class=\"wp-block-heading has-text-align-center has-text-color\" style=\"color:#3c4858;font-size:18px\">Fam\u00edlia e Consumidor <\/h5>\n\n\n\n<p class=\"has-text-align-left has-text-color\" style=\"color:#999999;font-size:14px\">Temas como&nbsp;casamento, uni\u00e3o est\u00e1vel, div\u00f3rcio, alimentos, guarda de filhos, partilha de bens entre outros. Rela\u00e7\u00f5es pessoais de forma geral e direitos dos consumidores.<\/p>\n\n\n\n<div style=\"height:25px\" aria-hidden=\"true\" class=\"wp-block-spacer\"><\/div>\n<\/div>\n\n\n\n<div class=\"wp-block-column is-layout-flow\"><div class=\"wp-block-image\">\n<figure class=\"aligncenter size-full\"><img decoding=\"async\" loading=\"lazy\" width=\"275\" height=\"183\" src=\"https:\/\/tdpadvogados.com\/wp-content\/uploads\/2023\/06\/FLORESTAS-PUBLICAS.jpg\" alt=\"\" class=\"wp-image-138\"\/><\/figure><\/div>\n\n\n<h5 class=\"wp-block-heading has-text-align-center has-text-color\" style=\"color:#3c4858;font-size:18px\">Meio Ambiente<\/h5>\n\n\n\n<p class=\"has-text-align-left has-text-color\" style=\"color:#999999;font-size:14px\">assessoria jur\u00eddica e suporte aos processo de obten\u00e7\u00e3o de licen\u00e7as junto aos \u00f3rg\u00e3os de gest\u00e3o ambiental no \u00e2mbito municipal, estadual e federal, dentre eles: IBAMA, CETESB, ANA, DAEE e projetos para gera\u00e7\u00e3o distribu\u00edda por micro e minigera\u00e7\u00e3o,<\/p>\n\n\n\n<div style=\"height:25px\" aria-hidden=\"true\" class=\"wp-block-spacer\"><\/div>\n<\/div>\n\n\n\n<div class=\"wp-block-column is-layout-flow\"><div class=\"wp-block-image\">\n<figure class=\"aligncenter size-full\"><img decoding=\"async\" loading=\"lazy\" width=\"700\" height=\"394\" src=\"https:\/\/tdpadvogados.com\/wp-content\/uploads\/2023\/06\/telemedicina-medico-computador.jpg\" alt=\"\" class=\"wp-image-139\" srcset=\"https:\/\/tdpadvogados.com\/wp-content\/uploads\/2023\/06\/telemedicina-medico-computador.jpg 700w, https:\/\/tdpadvogados.com\/wp-content\/uploads\/2023\/06\/telemedicina-medico-computador-300x169.jpg 300w\" sizes=\"(max-width: 700px) 100vw, 700px\" \/><\/figure><\/div>\n\n\n<h5 class=\"wp-block-heading has-text-align-center has-text-color\" style=\"color:#3c4858;font-size:18px\">Direito M\u00e9dico<\/h5>\n\n\n\n<p class=\"has-text-align-left has-text-color\" style=\"color:#999999;font-size:14px\">Assessoria para profissionais e institui\u00e7\u00f5es da \u00e1rea da sa\u00fade,  consultoria preventiva e atua\u00e7\u00e3o em processos administrativos junto as ag\u00eancias reguladoras, entidades profissionais e a processos judiciais.<\/p>\n\n\n\n<div style=\"height:25px\" aria-hidden=\"true\" class=\"wp-block-spacer\"><\/div>\n<\/div>\n\n\n\n<div class=\"wp-block-column is-layout-flow\"><div class=\"wp-block-image\">\n<figure class=\"aligncenter size-full\"><img decoding=\"async\" loading=\"lazy\" width=\"285\" height=\"177\" src=\"https:\/\/tdpadvogados.com\/wp-content\/uploads\/2023\/06\/COISA-JULGADA.jpg\" alt=\"\" class=\"wp-image-134\"\/><\/figure><\/div>\n\n\n<h5 class=\"wp-block-heading has-text-align-center has-text-color\" style=\"color:#3c4858;font-size:18px\">Direito C\u00edvel e Trabalhista<\/h5>\n\n\n\n<p class=\"has-text-align-left has-text-color\" style=\"color:#999999;font-size:14px\">Todas as intera\u00e7\u00f5es entre pessoas f\u00edsicas e jur\u00eddicas em quest\u00f5es particulares, al\u00e9m das rela\u00e7\u00f5es de Direito Trabalhista; Direito das obriga\u00e7\u00f5es e contratos; Direitos reais;  e Responsabilidade civil.<\/p>\n\n\n\n<div style=\"height:25px\" aria-hidden=\"true\" class=\"wp-block-spacer\"><\/div>\n<\/div>\n\n\n\n<div class=\"wp-block-column is-layout-flow\"><div class=\"wp-block-image\">\n<figure class=\"aligncenter size-full\"><img decoding=\"async\" loading=\"lazy\" width=\"275\" height=\"183\" src=\"https:\/\/tdpadvogados.com\/wp-content\/uploads\/2023\/06\/BARRAGENS.jpg\" alt=\"\" class=\"wp-image-142\"\/><\/figure><\/div>\n\n\n<h4 class=\"wp-block-heading alignfull has-text-align-center has-text-color\" style=\"color:#3c4858;font-size:18px\">Energia e Infraestrutura<\/h4>\n\n\n\n<p class=\"has-text-color\" style=\"color:#999999;font-size:14px\">A\u00e7\u00f5es Civis P\u00fablicas, A\u00e7\u00f5es Coletivas e em processos administrativos perante \u00e0 ANEEL, IBAMA, CETESB e IMASUL, elaborando pareceres, defesas, recursos e sustenta\u00e7\u00f5es orais.<\/p>\n\n\n\n<div style=\"height:25px\" aria-hidden=\"true\" class=\"wp-block-spacer\"><\/div>\n<\/div>\n<\/div>\n\n\n\n<div style=\"height:40px\" aria-hidden=\"true\" class=\"wp-block-spacer\"><\/div>\n<\/div><\/div>\n\n\n\n<div class=\"wp-block-columns container is-layout-flex wp-container-10\">\n<div class=\"wp-block-column col-md-5 is-layout-flow\">\n<div style=\"height:55px\" aria-hidden=\"true\" class=\"wp-block-spacer\"><\/div>\n\n\n\n<h2 class=\"wp-block-heading\">Sobre N\u00f3s<\/h2>\n\n\n\n<p>A uni\u00e3o de tr\u00eas advogados com mais de vinte anos de experi\u00eancia na carreira, atuando em uma hist\u00f3rica e tradicional empresa do setor el\u00e9trico e passando por grandes bancas de advocacia, o escrit\u00f3rio Tognon, Dias e Pila Advogados \u00e9 composto por seus s\u00f3cios Andr\u00e9 Luiz Esteves Tognon, Paulo Eduardo Massigla Pintor Dias e Sylvio Luis Pila Jimenes, com a miss\u00e3o de atender seus clientes de forma pr\u00f3xima, \u00fanica e com excel\u00eancia.<\/p>\n\n\n\n<p>Umas das principais caracter\u00edsticas do Tognon, Dias e Pila Advogados \u00e9 a vasta experi\u00eancia e a capacidade de atendimento com empatia \u00e0s suas demandas, sempre buscando fortalecer uma rela\u00e7\u00e3o profissional, produtiva e fraterna; marcas pessoais de seus s\u00f3cios.<\/p>\n<\/div>\n\n\n\n<div class=\"wp-block-column col-md-6 col-md-offset1 is-layout-flow\">\n<div style=\"height:55px\" aria-hidden=\"true\" class=\"wp-block-spacer\"><\/div>\n\n\n\n<figure class=\"wp-block-image\"><img decoding=\"async\" loading=\"lazy\" width=\"285\" height=\"177\" src=\"http:\/\/tdpadvogados.com\/wp-content\/uploads\/2023\/06\/COISA-JULGADA.jpg\" alt=\"\" class=\"wp-image-134\"\/><\/figure>\n\n\n\n<figure class=\"wp-block-image size-full\"><img decoding=\"async\" loading=\"lazy\" width=\"810\" height=\"540\" src=\"http:\/\/tdpadvogados.com\/wp-content\/uploads\/2023\/06\/recuperacao-fiscal.jpg\" alt=\"\" class=\"wp-image-135\" srcset=\"https:\/\/tdpadvogados.com\/wp-content\/uploads\/2023\/06\/recuperacao-fiscal.jpg 810w, https:\/\/tdpadvogados.com\/wp-content\/uploads\/2023\/06\/recuperacao-fiscal-300x200.jpg 300w, https:\/\/tdpadvogados.com\/wp-content\/uploads\/2023\/06\/recuperacao-fiscal-768x512.jpg 768w, https:\/\/tdpadvogados.com\/wp-content\/uploads\/2023\/06\/recuperacao-fiscal-360x240.jpg 360w\" sizes=\"(max-width: 810px) 100vw, 810px\" \/><\/figure>\n<\/div>\n<\/div>\n","protected":false},"excerpt":{"rendered":"<p>Sobre N\u00f3s A uni\u00e3o de tr\u00eas advogados com mais de vinte anos de experi\u00eancia na carreira, atuando em uma hist\u00f3rica e tradicional empresa do setor el\u00e9trico e passando por grandes bancas de advocacia, o escrit\u00f3rio Tognon, Dias e Pila Advogados \u00e9 composto por seus s\u00f3cios Andr\u00e9 Luiz Esteves Tognon, Paulo [&hellip;]<\/p>\n","protected":false},"author":1,"featured_media":0,"parent":0,"menu_order":0,"comment_status":"closed","ping_status":"closed","template":"","meta":[],"_links":{"self":[{"href":"https:\/\/tdpadvogados.com\/index.php\/wp-json\/wp\/v2\/pages\/98"}],"collection":[{"href":"https:\/\/tdpadvogados.com\/index.php\/wp-json\/wp\/v2\/pages"}],"about":[{"href":"https:\/\/tdpadvogados.com\/index.php\/wp-json\/wp\/v2\/types\/page"}],"author":[{"embeddable":true,"href":"https:\/\/tdpadvogados.com\/index.php\/wp-json\/wp\/v2\/users\/1"}],"replies":[{"embeddable":true,"href":"https:\/\/tdpadvogados.com\/index.php\/wp-json\/wp\/v2\/comments?post=98"}],"version-history":[{"count":14,"href":"https:\/\/tdpadvogados.com\/index.php\/wp-json\/wp\/v2\/pages\/98\/revisions"}],"predecessor-version":[{"id":196,"href":"https:\/\/tdpadvogados.com\/index.php\/wp-json\/wp\/v2\/pages\/98\/revisions\/196"}],"wp:attachment":[{"href":"https:\/\/tdpadvogados.com\/index.php\/wp-json\/wp\/v2\/media?parent=98"}],"curies":[{"name":"wp","href":"https:\/\/api.w.org\/{rel}","templated":true}]}}